{"id":17,"date":"2021-05-21T00:03:03","date_gmt":"2021-05-20T22:03:03","guid":{"rendered":"http:\/\/leobeker.com\/?page_id=17"},"modified":"2025-07-09T18:14:14","modified_gmt":"2025-07-09T16:14:14","slug":"whos-who-a-montclou","status":"publish","type":"page","link":"https:\/\/louisoncresson.com\/index.php\/whos-who-a-montclou\/","title":{"rendered":"Qui suis-je ?"},"content":{"rendered":"\n<h2 class=\"wp-block-heading has-text-align-center\"><\/h2>\n\n\n\n<p><\/p>\n\n\n\n<p><strong>Louison Cresson<\/strong>&nbsp;est un petit gar\u00e7on aux cheveux tondus ras, en casquette, veste et culottes courtes, il habite avec sa m\u00e8re (qu&rsquo;on ne voit jamais), son p\u00e8re et sa grande s\u0153ur dans une H.L.M. \u00e0 Chatenay-Malabry. Fan de course cycliste, premier adepte du rock&rsquo; n&rsquo; roll en France. Il a un super-pouvoir&nbsp;: il est&nbsp; hyperpolyglotte de naissance. Il comprend toutes les langues sans jamais les avoir \u00e9tudi\u00e9s.<\/p>\n\n\n\n<p><strong>Gaspard Cresson<\/strong>&nbsp;est le cousin de Louison, vigneron, propri\u00e9taire du domaine de Pied-L&rsquo;Abb\u00e9 o\u00f9 Louison passe ses vacances.<\/p>\n\n\n\n<p>Le Professeur <strong>Masatoshi Ono<\/strong>&nbsp;est un m\u00e9tallurgiste japonais de g\u00e9nie et le plus grand collectionneur de plaques d&rsquo;\u00e9gout au monde. A pour chauffeur un Noir gigantesque et taciturne. Son animal de compagnie est une ch\u00e8vre, pr\u00e9nomm\u00e9e <strong>Blanchette<\/strong>.<\/p>\n\n\n\n<p><strong>Fr\u00e8re Vincent, Fr\u00e8re Jos\u00e9, Fr\u00e8re Mathias, le p\u00e8re Abb\u00e9<\/strong> (et d&rsquo;autres encore)&nbsp;sont les moines fant\u00f4mes, qui trompent leur ennui en buvant le vin de Gaspard. Louison qui leur apprend le football et le rock &lsquo;n &lsquo;roll.<\/p>\n\n\n\n<p><strong>Laurent Douille<\/strong>, le voisin indiscret de Gaspard, sa curiosit\u00e9 et son emportement lui apportent bien des m\u00e9saventures.<\/p>\n\n\n<div class=\"wp-block-image\">\n<figure class=\"aligncenter size-large\"><img loading=\"lazy\" decoding=\"async\" width=\"699\" height=\"1024\" src=\"https:\/\/louisoncresson.com\/wp-content\/uploads\/2021\/06\/LouisonCressonWhosWho-cleanup.jpg\" alt=\"\" class=\"wp-image-136\" srcset=\"https:\/\/louisoncresson.com\/wp-content\/uploads\/2021\/06\/LouisonCressonWhosWho-cleanup.jpg 699w, https:\/\/louisoncresson.com\/wp-content\/uploads\/2021\/06\/LouisonCressonWhosWho-cleanup-205x300.jpg 205w, https:\/\/louisoncresson.com\/wp-content\/uploads\/2021\/06\/LouisonCressonWhosWho-cleanup-102x150.jpg 102w\" sizes=\"auto, (max-width: 699px) 100vw, 699px\" \/><\/figure>\n<\/div>","protected":false},"excerpt":{"rendered":"<p>Louison Cresson&nbsp;est un petit gar\u00e7on aux cheveux tondus ras, en casquette, veste et culottes courtes, il habite avec sa m\u00e8re (qu&rsquo;on ne voit jamais), son p\u00e8re et sa grande s\u0153ur dans une H.L.M. \u00e0 Chatenay-Malabry. Fan de course cycliste, premier adepte du rock&rsquo; n&rsquo; roll en France. Il a un&#8230;<\/p>\n<p class=\"continue-reading-button\"> <a class=\"continue-reading-link\" href=\"https:\/\/louisoncresson.com\/index.php\/whos-who-a-montclou\/\">Continuer \u00e0 lire<i class=\"crycon-right-dir\"><\/i><\/a><\/p>\n","protected":false},"author":1,"featured_media":0,"parent":0,"menu_order":0,"comment_status":"closed","ping_status":"closed","template":"templates\/template-onecolumn.php","meta":{"footnotes":""},"class_list":["post-17","page","type-page","status-publish","hentry"],"_links":{"self":[{"href":"https:\/\/louisoncresson.com\/index.php\/wp-json\/wp\/v2\/pages\/17","targetHints":{"allow":["GET"]}}],"collection":[{"href":"https:\/\/louisoncresson.com\/index.php\/wp-json\/wp\/v2\/pages"}],"about":[{"href":"https:\/\/louisoncresson.com\/index.php\/wp-json\/wp\/v2\/types\/page"}],"author":[{"embeddable":true,"href":"https:\/\/louisoncresson.com\/index.php\/wp-json\/wp\/v2\/users\/1"}],"replies":[{"embeddable":true,"href":"https:\/\/louisoncresson.com\/index.php\/wp-json\/wp\/v2\/comments?post=17"}],"version-history":[{"count":17,"href":"https:\/\/louisoncresson.com\/index.php\/wp-json\/wp\/v2\/pages\/17\/revisions"}],"predecessor-version":[{"id":691,"href":"https:\/\/louisoncresson.com\/index.php\/wp-json\/wp\/v2\/pages\/17\/revisions\/691"}],"wp:attachment":[{"href":"https:\/\/louisoncresson.com\/index.php\/wp-json\/wp\/v2\/media?parent=17"}],"curies":[{"name":"wp","href":"https:\/\/api.w.org\/{rel}","templated":true}]}}